{"id":1934,"date":"2016-11-28T16:25:23","date_gmt":"2016-11-28T16:25:23","guid":{"rendered":"http:\/\/www.feria-alicante.com\/acerca-de-nosotros\/"},"modified":"2017-07-14T12:34:49","modified_gmt":"2017-07-14T12:34:49","slug":"about-us","status":"publish","type":"page","link":"https:\/\/firalacant.com\/en\/about-us\/","title":{"rendered":"About us"},"content":{"rendered":"<p>[vc_row][vc_column width=&#8221;1\/2&#8243;][vc_column_text]About us[\/vc_column_text][vc_empty_space][vc_column_text]The recent history of the Alicante&#8217;s region is marked by a spectacular growth in infrastructures and services. Also in the tourist sector, Alicante is profiled as one of the main tourist centers of Comunidad Valenciana and of Spain, attracting many visitors throughout the year.[\/vc_column_text][\/vc_column][vc_column width=&#8221;1\/2&#8243; el_class=&#8221;fons-gris&#8221;][vc_column_text el_class=&#8221;texte-blau&#8221;]<\/p>\n<h5>&#8220;IFA organizes more than twenty Fairs and multiple congresses, seminars or symposiums that annually attract the interest of more than 300,000 people and around 2,000 companies&#8221;<\/h5>\n<p>[\/vc_column_text][\/vc_column][\/vc_row][vc_row][vc_column offset=&#8221;vc_hidden-md vc_hidden-sm vc_hidden-xs&#8221;][vc_empty_space height=&#8221;52px&#8221;][\/vc_column][\/vc_row][vc_row][vc_column width=&#8221;1\/2&#8243; el_class=&#8221;fondo-foto&#8221;][vc_single_image image=&#8221;205&#8243; img_size=&#8221;537 \u00d7 398&#8243;][\/vc_column][vc_column width=&#8221;1\/2&#8243;][vc_column_text]IFA is one of the examples of this evolution.<\/p>\n<div>The Institution has been founded in 1959. But it is during the last seven years that IFA has experienced the greatest development. During this period of time it has been possible, not without efforts, to place the IFA as one of the biggest\u00a0reference points in Spain. With the support of Alicante&#8217;s society as a whole, IFA has been able to establish, consolidate and promote events\u00a0from a very diversified range of sectors: footwear, cars, aesthetics, commerce, home, food, and hospitality, leisure and free time or construction.<\/div>\n<div><\/div>\n<div>At present, IFA organizes more than twenty fairs and multiple congresses, seminars or symposiums that annually attract the interest of ALMOST 300,000 people and (more than) AROUND 2,000 companies. As a result, IFA has managed to position itself (in the top positions) AT THE TOP in terms of (the) number of contests organized and (the) net surface area of \u200b\u200b(exposure)EXIBITION? available.<\/div>\n<p>[\/vc_column_text][\/vc_column][\/vc_row][vc_row][vc_column][vc_column_text el_class=&#8221;titol-impacto&#8221;]Advantages[\/vc_column_text][\/vc_column][\/vc_row][vc_row][vc_column width=&#8221;1\/2&#8243;][vc_column_text]IFA offers a series of advantages such as its large parking of 5,000 places and its two pavilions. Pavilion I was built in 1991, using architectural innovations such as the inverted wing roof. The whole main facade is glazed. It has a useable surface for acts of 960 m2 and its capacity of occupants is approximately 900 people. Pavilion II, built one year later than the first, has an attractive and functional design. In its interior there are six columns separated from each other, which allows to accommodate large areas completely diaphanous. IFA also counts on complementary halls for professional meetings, conferences, technical conferences, assemblies, training courses, presentations, in a comfortable atmosphere and of maximum tranquility.[\/vc_column_text][\/vc_column][vc_column width=&#8221;1\/2&#8243;][vc_column_text]A further advantage is the geographical location of IFA. Located just a few minutes from the cities of Elche and Alicante, IFA has a direct access to the A-7 motorway and is five minutes from Altet Airport, Alicante.<\/p>\n<p>These are the conditions to gather a large number of exhibitors who bring their products to visitors, both from Alicante and from the regions: Valencia, Murcia, Almer\u00eda and Albacete. In addition, with an average temperature of 18 degrees Celsius that makes a very pleasant stay in this area, IFA becomes the ideal place for tourists to take advantage of their stay to discover the proposals of the contest that this place at that time is IFA .[\/vc_column_text][\/vc_column][\/vc_row][vc_row][vc_column][vc_column_text]Governance[\/vc_column_text][vc_row_inner][vc_column_inner][vc_column_text]<strong>IFA\u00b4S PATRONAGE<\/strong><\/p>\n<p><strong><u>Honorary President<\/u><\/strong><\/p>\n<p>Mr. D. Rub\u00e9n Alfaro Bernab\u00e9<\/p>\n<p>Mayor-President of\u00a0Elda\u00b4s City Hall<\/p>\n<p><strong><u>President<\/u><\/strong><\/p>\n<p>Mr. D. Rafael Climent Gonz\u00e1lez<\/p>\n<p>Conseller de Econom\u00eda Sostenible, Sectores Productivos, Comercio y Trabajo<\/p>\n<p><strong><u>Vice-president 1<\/u><\/strong><\/p>\n<p>Mr. D. C\u00e9sar S\u00e1nchez P\u00e9rez<\/p>\n<p>President Excma. Diputaci\u00f3n Provincial de Alicante<\/p>\n<p><strong><u>Vice-president 2<\/u><\/strong><\/p>\n<p>Mayor-President of Elche\u00b4s City Hall<\/p>\n<p>Representative:<\/p>\n<p>Mrs. Mireia Moll\u00e1 Herrera<\/p>\n<p>Concejal de Representaci\u00f3n Institucional del<\/p>\n<p>Excmo. Ayuntamiento de Elche<\/p>\n<p><strong><u>Vice-president 3<\/u><\/strong><\/p>\n<p>Mr. D. Juan Bautista Riera S\u00e1nchez<\/p>\n<p>Presidente de la C\u00e1mara Oficial de Comercio, Industria y Navegaci\u00f3n de Alicante<\/p>\n<p><strong><u>Vocales Natos<\/u><\/strong><\/p>\n<p>Ilmo. Mr. D. Natxo Costa Pina<\/p>\n<p>Director General de Comercio y Consumo<\/p>\n<p>&nbsp;<\/p>\n<p>Ilmo. Sr. D. Diego Maci\u00e1 Ant\u00f3n<\/p>\n<p>Director General de Industria y Energ\u00eda<\/p>\n<p>&nbsp;<\/p>\n<p>Ilmo. Sr. D. Francisco \u00c1lvarez Molina<\/p>\n<p>Director General de Econom\u00eda, Emprendimiento y Cooperativismo<\/p>\n<p>&nbsp;<\/p>\n<p>Ilmo. Sr. D. Jorge Rodr\u00edguez Gramage<\/p>\n<p>Presidente de la Excma. Diputaci\u00f3n Provincial de Valencia<\/p>\n<p>&nbsp;<\/p>\n<p>Ilmo. Sr. D. Javier Moliner Gargallo<\/p>\n<p>Presidente de la Excma Diputaci\u00f3n Provincial de Castell\u00f3n<\/p>\n<p>&nbsp;<\/p>\n<p>Sr. D. Jos\u00e9 Vicente Morata Estragues<\/p>\n<p>Presidente del Consejo de C\u00e1maras Oficiales de Comercio, Industria y Navegaci\u00f3n de la Comunidad Valenciana<\/p>\n<p>Presidente de la C\u00e1mara Oficial de Comercio, Industria y Navegaci\u00f3n de Valencia<\/p>\n<p>&nbsp;<\/p>\n<p>Sra. D\u00f1a. M\u00aa Dolores Guillam\u00f3n Fajardo<\/p>\n<p>Presidenta de la C\u00e1mara Oficial de Comercio, Industria y Navegaci\u00f3n de Castell\u00f3n<\/p>\n<p>&nbsp;<\/p>\n<p>Sr. D. Enrique Rico Ferrer<\/p>\n<p>Presidente de la C\u00e1mara Oficial de Comercio e Industria de Alcoy<\/p>\n<p>&nbsp;<\/p>\n<p>Sr. D. F\u00e9lix M\u00aa Cerd\u00e1n Mart\u00ednez<\/p>\n<p>Presidente de la C\u00e1mara Oficial de Comercio e Industria de Orihuela<\/p>\n<p>&nbsp;<\/p>\n<p>Sr. D. Jos\u00e9 Luis Gisbert Valls<\/p>\n<p>Presidente del Comit\u00e9 de Direcci\u00f3n de la IFA<\/p>\n<p>&nbsp;<\/p>\n<p>Sra. D\u00f1a. Esther Guilabert Bordonado<\/p>\n<p>Directora General de la IFA<\/p>\n<p>&nbsp;<\/p>\n<p>Excmo. Sr. D. Gabriel Echavarri Fern\u00e1ndez<\/p>\n<p>Alcalde-Presidente del Excmo. Ayuntamiento de Alicante<\/p>\n<p>&nbsp;<\/p>\n<p>Sr. D. Rub\u00e9n Alfaro Bernab\u00e9<\/p>\n<p>Alcalde-Presidente del Excmo. Ayuntamiento de Elda<\/p>\n<p>&nbsp;<\/p>\n<p>Sr. D. Francisco G\u00f3mez Grau<\/p>\n<p>Presidente de la Confederaci\u00f3n Empresarial de la Provincia de Alicante (COEPA)<\/p>\n<p>&nbsp;<\/p>\n<p>Ilmo. Sr. D. Jos\u00e9 Vicente Gonz\u00e1lez P\u00e9rez<\/p>\n<p>Presidente de la Feria Muestrario Internacional de Valencia<\/p>\n<p>&nbsp;<\/p>\n<p>Sr. D. Manuel Mart\u00ednez Ayela<\/p>\n<p>Presidente Iltre. Colegio Oficial de Agentes Comerciales de Alicante<\/p>\n<p>&nbsp;<\/p>\n<p>Ilma. Sra. D\u00f1a. Cristina Mart\u00ednez Vay\u00e1<\/p>\n<p>Directora Territorial de Comercio<\/p>\n<p>&nbsp;<\/p>\n<p>Sr. D. Jos\u00e9 Monzon\u00eds Salvia<\/p>\n<p>Presidente de la Federaci\u00f3n de Industrias del Calzado Espa\u00f1ol<\/p>\n<p>&nbsp;<\/p>\n<p>Sr. D. Antonio Porta Cant\u00f3<\/p>\n<p>Presidente del Instituto Espa\u00f1ol del Calzado<\/p>\n<p>&nbsp;<\/p>\n<p>Sr. D. Javier Llinares Miralles<\/p>\n<p>Director Regional Este BBVA<\/p>\n<p>&nbsp;<\/p>\n<p>Sr. D. Juan Merino Rey<\/p>\n<p>Director Regional de Alicante de Banco Sabadell<\/p>\n<p>&nbsp;<\/p>\n<p>Sr. D. Jaime Casas Poy<\/p>\n<p>Director Territorial de Alicante, Murcia y Baleares de BANKIA<\/p>\n<p>&nbsp;<\/p>\n<p>Sr. D. Francisco Javier Ruiz Garc\u00eda<\/p>\n<p>Director Territorial de CAJAMAR<\/p>\n<p>&nbsp;<\/p>\n<p><strong><u>Vocales<\/u><\/strong><\/p>\n<p><strong>Vocales designados por la Conselleria de Econom\u00eda, Industria y Comercio<\/strong><\/p>\n<p>Sr. D. Manuel Illueca Mu\u00f1oz<\/p>\n<p>Sra. D\u00f1a. Raquel Huete Nieves<\/p>\n<p>Sr. D. Josep Ochoa Monz\u00f3<\/p>\n<p>Sra. D\u00f1a. Sonia Tirado Gonz\u00e1lez<\/p>\n<p>&nbsp;<\/p>\n<p><strong>Vocales designados por la C\u00e1mara de Oficial de Comercio, Industria y Navegaci\u00f3n de Alicante<\/strong><\/p>\n<p>Sr. D. Juan Manuel Zaragoza M\u00e1s<\/p>\n<p>Sr. D. Antonio Arias Paredes<\/p>\n<p>Sr. D. Armando Sala Berendes<\/p>\n<p>Sr. D. Juan Per\u00e1n Ramos<\/p>\n<p>&nbsp;<\/p>\n<p><strong>Vocales designados por la Confederaci\u00f3n Empresarial de la Provincia de Alicante<\/strong><\/p>\n<p>Sr. D. Francisco G\u00f3mez Andreu<\/p>\n<p>Sra. D\u00f1a. Soledad Guti\u00e9rrez Bordallo<\/p>\n<p>Sra. D\u00f1a. Cristina Rodes Sala<\/p>\n<p>Sr. D. Jos\u00e9 Antonio Maseda Segura<\/p>\n<p>&nbsp;<\/p>\n<p><strong>Vocales designados por el Presidente del Patronato<\/strong><\/p>\n<p>Sr. D. Francisco Borja Miralles<\/p>\n<p>Sr. D. Manuel Rom\u00e1n Ib\u00e1\u00f1ez<\/p>\n<p>Sr. D. Antoni Arques Marcos<\/p>\n<p>Sr. D. Enrique Masi\u00e1 Buades<\/p>\n<p>&nbsp;<\/p>\n<p><strong>Treasurer<\/strong><\/p>\n<p>Sr. D. Juan Jes\u00fas Vicente Amor\u00f3s<\/p>\n<p>&nbsp;<\/p>\n<p><strong>Accountant<\/strong><\/p>\n<p>Sra. D\u00f1a. Mar\u00eda Serrano Ant\u00f3n<\/p>\n<p>&nbsp;<\/p>\n<p>&nbsp;<\/p>\n<p><strong>IFA ADMINISTRARION COMMITTEE<\/strong><\/p>\n<p><strong>\u00a0<\/strong><strong>\u00a0<\/strong><\/p>\n<p><strong><u>President<\/u><\/strong><\/p>\n<p>Sr. D. Jos\u00e9 Luis Gisbert Valls<\/p>\n<p>&nbsp;<\/p>\n<p><strong><u>Vice-president<\/u><\/strong><\/p>\n<p>Sr. D. Antonio Mart\u00ednez G\u00f3mez<\/p>\n<p>(Designado por el Excmo. Ayuntamiento de Elche)<\/p>\n<p>&nbsp;<\/p>\n<p><strong><u>Director General<\/u><\/strong><\/p>\n<p>Mrs. Esther Guilabert Bordonado<\/p>\n<p>&nbsp;<\/p>\n<p><strong><u>Representative<\/u><\/strong><\/p>\n<p>Ilmo. Mr. D. Natxo Costa Pina<\/p>\n<p>Director General de Comercio y Consumo de la<\/p>\n<p>Conselleria de Econom\u00eda Sostenible, Sectores Productivos,<\/p>\n<p>Comercio y Trabajo<\/p>\n<p>&nbsp;<\/p>\n<p><strong><u>Representative<\/u><\/strong><\/p>\n<p><strong>Designados por la Conselleria de Econom\u00eda Sostenible, Sectores Productivos, Comercio y Trabajo<\/strong><\/p>\n<p>Sr. D. Jos\u00e9 Mar\u00eda Amat Mira<\/p>\n<p>Sr. D. Antonio Arias Paredes<\/p>\n<p>Sr. D. Juan Jes\u00fas Vicente Amor\u00f3s<\/p>\n<p>Sr. D. Francisco Candela Pina<\/p>\n<p>&nbsp;<\/p>\n<p><strong>Designados por la C\u00e1mara Oficial de Comercio, Industria y Navegaci\u00f3n de Alicante<\/strong><\/p>\n<p>Sr. D. Rafael Espuch Llaneras<\/p>\n<p>Sr. D. Federico Moncunill Gallo<\/p>\n<p><strong>\u00a0<\/strong><\/p>\n<p><strong>\u00a0<\/strong><\/p>\n<p><strong>Designados por el Presidente del Comit\u00e9 de Direcci\u00f3n<\/strong><\/p>\n<p>Sr. D. Manuel Fern\u00e1ndez Mart\u00ednez<\/p>\n<p>Sr. D. Antoni Arques Campos<\/p>\n<p>&nbsp;<\/p>\n<p>&nbsp;<\/p>\n<p><strong>Designados por la Confederaci\u00f3n Empresarial de la Provincia de Alicante<\/strong><\/p>\n<p>Sr. D. Francisco Aznar Pay\u00e1<\/p>\n<p>Sr. D\u00f1a. Mar\u00eda Salud Torell\u00f3 Brotons[\/vc_column_text][\/vc_column_inner][vc_column_inner el_class=&#8221;organos-esquerra&#8221; width=&#8221;1\/2&#8243;][\/vc_column_inner][vc_column_inner el_class=&#8221;organos-dreta&#8221; width=&#8221;1\/2&#8243;][\/vc_column_inner][\/vc_row_inner][\/vc_column][\/vc_row][vc_row][vc_column][vc_row_inner][vc_column_inner el_class=&#8221;organos-esquerra&#8221; width=&#8221;1\/2&#8243;][\/vc_column_inner][vc_column_inner][\/vc_column_inner][\/vc_row_inner][vc_empty_space height=&#8221;62px&#8221;][\/vc_column][\/vc_row][vc_row el_class=&#8221;marges-laterals&#8221;][vc_column width=&#8221;1\/3&#8243;][vc_single_image image=&#8221;362&#8243; img_size=&#8221;37 \u00d7 51&#8243; alignment=&#8221;center&#8221;][vc_column_text]<\/p>\n<p style=\"text-align: center;\">IFA is located between the cities of Elche and Alicante, next to the International Airport El Altet.<\/p>\n<p>[\/vc_column_text][vc_btn title=&#8221;Surroundings&#8221; style=&#8221;custom&#8221; custom_background=&#8221;#6398aa&#8221; custom_text=&#8221;#ffffff&#8221; shape=&#8221;square&#8221; align=&#8221;center&#8221; link=&#8221;url:http%3A%2F%2Falbajunyent.com%2Fdemos%2Fifa%2Fvisitantes%2Fentorno-y-alojamiento%2F|||&#8221; el_class=&#8221;boto-organizar&#8221;][\/vc_column][vc_column width=&#8221;1\/3&#8243;][vc_single_image image=&#8221;170&#8243; img_size=&#8221;41 \u00d7 51&#8243; alignment=&#8221;center&#8221;][vc_column_text]<\/p>\n<p style=\"text-align: center;\">The access to IFA is direct from the Autovia del Mediterraneo A-7, Alicante-Murcia, exit 22. It arrives with our indications.<\/p>\n<p>[\/vc_column_text][vc_btn title=&#8221;How to get&#8221; style=&#8221;custom&#8221; custom_background=&#8221;#6398aa&#8221; custom_text=&#8221;#ffffff&#8221; shape=&#8221;square&#8221; align=&#8221;center&#8221; link=&#8221;url:http%3A%2F%2Fwww.feria-alicante.com%2Fen%2Fvisits%2Fhow-to-get%2F|||&#8221; el_class=&#8221;boto-organizar&#8221;][\/vc_column][vc_column width=&#8221;1\/3&#8243;][vc_single_image image=&#8221;171&#8243; img_size=&#8221; 52 \u00d7 51&#8243; alignment=&#8221;center&#8221;][vc_column_text]<\/p>\n<p style=\"text-align: center;\">Do not miss anything! Keep up with everything that happens in our facilities; Follow the news to know everything that happens in IFA.<\/p>\n<p>[\/vc_column_text][vc_btn title=&#8221;News&#8221; style=&#8221;custom&#8221; custom_background=&#8221;#6398aa&#8221; custom_text=&#8221;#ffffff&#8221; shape=&#8221;square&#8221; align=&#8221;center&#8221; link=&#8221;url:http%3A%2F%2Fwww.feria-alicante.com%2Fen%2Fnews%2F|||&#8221; el_class=&#8221;boto-organizar&#8221;][\/vc_column][\/vc_row][vc_row css=&#8221;.vc_custom_1482139372511{border-top-width: 2px !important;border-top-color: #ececec !important;}&#8221;][vc_column][vc_empty_space][vc_separator color=&#8221;custom&#8221; border_width=&#8221;2&#8243; accent_color=&#8221;#ececec&#8221;][vc_row_inner][vc_column_inner width=&#8221;1\/4&#8243;][vc_column_text el_class=&#8221;patrocinadores&#8221;]Partners[\/vc_column_text][\/vc_column_inner][vc_column_inner width=&#8221;1\/4&#8243;][\/vc_column_inner][vc_column_inner width=&#8221;1\/4&#8243;][\/vc_column_inner][vc_column_inner width=&#8221;1\/4&#8243;][\/vc_column_inner][\/vc_row_inner][\/vc_column][\/vc_row]<\/p>\n","protected":false},"excerpt":{"rendered":"<p>[vc_row][vc_column width=&#8221;1\/2&#8243;][vc_column_text]About us[\/vc_column_text][vc_empty_space][vc_column_text]The recent history of the Alicante&#8217;s region is marked by a spectacular growth in infrastructures and services. Also in the tourist sector, Alicante is profiled as one of the main tourist centers of Comunidad Valenciana and of Spain, attracting many visitors throughout the year.[\/vc_column_text][\/vc_column][vc_column width=&#8221;1\/2&#8243; el_class=&#8221;fons-gris&#8221;][vc_column_text el_class=&#8221;texte-blau&#8221;] &#8220;IFA organizes more than twenty Fairs &hellip; <a href=\"https:\/\/firalacant.com\/en\/about-us\/\" class=\"more-link\">Continue reading <span class=\"screen-reader-text\">About us<\/span> <span class=\"meta-nav\">&rarr;<\/span><\/a><\/p>\n","protected":false},"author":1,"featured_media":0,"parent":0,"menu_order":0,"comment_status":"closed","ping_status":"closed","template":"neutra.php","meta":{"footnotes":""},"class_list":["post-1934","page","type-page","status-publish","hentry"],"_links":{"self":[{"href":"https:\/\/firalacant.com\/en\/wp-json\/wp\/v2\/pages\/1934","targetHints":{"allow":["GET"]}}],"collection":[{"href":"https:\/\/firalacant.com\/en\/wp-json\/wp\/v2\/pages"}],"about":[{"href":"https:\/\/firalacant.com\/en\/wp-json\/wp\/v2\/types\/page"}],"author":[{"embeddable":true,"href":"https:\/\/firalacant.com\/en\/wp-json\/wp\/v2\/users\/1"}],"replies":[{"embeddable":true,"href":"https:\/\/firalacant.com\/en\/wp-json\/wp\/v2\/comments?post=1934"}],"version-history":[{"count":6,"href":"https:\/\/firalacant.com\/en\/wp-json\/wp\/v2\/pages\/1934\/revisions"}],"predecessor-version":[{"id":2498,"href":"https:\/\/firalacant.com\/en\/wp-json\/wp\/v2\/pages\/1934\/revisions\/2498"}],"wp:attachment":[{"href":"https:\/\/firalacant.com\/en\/wp-json\/wp\/v2\/media?parent=1934"}],"curies":[{"name":"wp","href":"https:\/\/api.w.org\/{rel}","templated":true}]}}